{"id":5671,"date":"2023-04-16T13:22:40","date_gmt":"2023-04-16T13:22:40","guid":{"rendered":"https:\/\/insmoothwaters.com\/?page_id=5671"},"modified":"2023-04-16T13:46:37","modified_gmt":"2023-04-16T13:46:37","slug":"affiliate-disclaimer","status":"publish","type":"page","link":"https:\/\/insmoothwaters.com\/de\/affiliate-haftungsausschluss\/","title":{"rendered":"Haftungsausschluss f\u00fcr Partner"},"content":{"rendered":"<p>Bitte beachten Sie auch die&nbsp;<a href=\"https:\/\/insmoothwaters.com\/de\/datenschutz-bestimmungen\/\" data-type=\"page\" data-id=\"3\">Datenschutz-Bestimmungen&nbsp;<\/a>die die Nutzung dieser Website regelt. Diese Offenlegung von Partnerschaften enth\u00e4lt Einzelheiten zu Partnerbeziehungen, die <a href=\"http:\/\/Insmoothwaters.com\" target=\"_blank\" rel=\"noopener\">InSmoothWaters.com <\/a>mit anderen Unternehmen und Produkten hat.<\/p>\n\n\n\n<h2 class=\"wp-block-heading\">Offenlegung von Partnerschaften<\/h2>\n\n\n\n<p>In \u00dcbereinstimmung mit den FTC-Richtlinien bitten wir Sie, bei allen Links, Beitr\u00e4gen, Fotos und anderen Materialien auf dieser Website Folgendes zu beachten:<\/p>\n\n\n\n<p><strong>Einige der Links auf dieser Website sind Partnerlinks, von denen <a href=\"https:\/\/insmoothwaters.com\/de\/\">InSmoothWaters<\/a>.com erh\u00e4lt eine kleine Provision f\u00fcr den Verkauf bestimmter Artikel, aber der Preis ist f\u00fcr Sie derselbe.<\/strong><\/p>\n\n\n\n<h3 class=\"wp-block-heading\">1. Amazon<\/h3>\n\n\n\n<p>Sascha Hunt\/InSmoothWaters.com nimmt am Amazon Services LLC Associates Program teil, einem Affiliate-Werbeprogramm, das dazu dient, uns durch die Verlinkung mit Amazon.com und angeschlossenen Websites eine Provision zukommen zu lassen. Seiten auf dieser Website k\u00f6nnen Affiliate-Links zu Amazon und seinen Partner-Sites enthalten, f\u00fcr die der Eigent\u00fcmer dieser Website eine Vermittlungsprovision erh\u00e4lt. Jeder Ihrer Eink\u00e4ufe \u00fcber unsere Amazon-Partnerlinks unterst\u00fctzt unsere Sache bei\u00a0<strong>keine zus\u00e4tzlichen Kosten f\u00fcr Sie<\/strong>. \u00a0<\/p>\n\n\n\n<p>Amazon und das Amazon-Logo sind Marken von Amazon.com, Inc. oder seinen Tochtergesellschaften.<br>\u200b<br>Wenn ein Blogger auf ein Amazon-Produkt verlinkt (mit einem speziellen Code f\u00fcr Affiliates, der in den Link eingebettet ist) und ein Leser innerhalb von 24 Stunden nach Anklicken des Links einen Artikel \u00fcber diesen Link in seinen \"Warenkorb\" legt, erh\u00e4lt der Blogger einen kleinen Prozentsatz des Verkaufs.  Amazon-Links sind nicht \"Pay-per-Click\".  Wenn Sie auf den Produktlink klicken und bei Amazon bleiben und etwas anderes kaufen, erhalte ich jedoch eine Provision f\u00fcr diesen Verkauf. &nbsp;<\/p>\n\n\n\n<p>Immer wenn Sie einen Link sehen, der wie www.amazon.com\/&amp;tag=XXX aussieht, handelt es sich um einen Amazon-Partnerlink. InSmothWaters.Com verwendet den Tag<em> insmoothwaterscom-20. <\/em><\/p>\n\n\n\n<h3 class=\"wp-block-heading\">2. Buchung<\/h3>\n\n\n\n<figure class=\"wp-block-image size-full\"><img loading=\"lazy\" decoding=\"async\" width=\"970\" height=\"68\" src=\"https:\/\/insmoothwaters.com\/wp-content\/uploads\/2023\/04\/Amazon-Affilliate-Link.png\" alt=\"Amazon Affilliate Link\" class=\"wp-image-5676\" title=\"\" srcset=\"https:\/\/insmoothwaters.com\/wp-content\/uploads\/2023\/04\/Amazon-Affilliate-Link.png 970w, https:\/\/insmoothwaters.com\/wp-content\/uploads\/2023\/04\/Amazon-Affilliate-Link-300x21.png 300w, https:\/\/insmoothwaters.com\/wp-content\/uploads\/2023\/04\/Amazon-Affilliate-Link-768x54.png 768w, https:\/\/insmoothwaters.com\/wp-content\/uploads\/2023\/04\/Amazon-Affilliate-Link-18x1.png 18w\" sizes=\"auto, (max-width: 970px) 100vw, 970px\" \/><figcaption class=\"wp-element-caption\">Amazon Affilliate Link<\/figcaption><\/figure>\n\n\n\n<p>Sascha Hunt\/InSmoothWaters.com nimmt am Booking.com Partnerprogramm teil, einem Partnerwerbeprogramm, das dazu dient, eine Provision durch die Verlinkung zu Booking.com und angeschlossenen Websites zu verdienen. Seiten auf dieser Website k\u00f6nnen Affiliate-Links zu Booking und deren Partnerseiten enthalten, f\u00fcr die der Eigent\u00fcmer dieser Website eine Vermittlungsprovision erh\u00e4lt.<\/p>\n\n\n\n<h3 class=\"wp-block-heading\">Was ist ein Partnerlink?<\/h3>\n\n\n\n<p>Viele Produktlinks auf InSmoothWaters.com sind Partnerlinks. Dies bedeutet, dass ein spezieller Tracking-Code verwendet wird, und die Website kann eine kleine Provision erhalten, wenn Sie \u00fcber einen dieser Links kaufen.<\/p>\n\n\n\n<h3 class=\"wp-block-heading\">Copyright und Rechte vorbehalten<\/h3>\n\n\n\n<p>Alle Informationen auf dieser Website, einschlie\u00dflich der Bilder, Texte, Audio-, Video-, und andere Formen von Inhalten ist Copyright \u00a9 InSmoothWaters.com. Sie d\u00fcrfen nicht heruntergeladen, reproduziert, neu ver\u00f6ffentlicht oder anderweitig kopiert werden ohne ausdr\u00fcckliche schriftliche Genehmigung des Autors und von HelloGlow.co.<\/p>","protected":false},"excerpt":{"rendered":"<p>Please see also the&nbsp;Privacy Policy&nbsp;which governs the use of this website. This affiliate disclosure details affiliate relationships that InSmoothWaters.com has with other companies and products. Affiliate Disclosure In compliance with the FTC guidelines, please assume the following about all links, posts, photos, and other material on this website: Some of the links on this website [&hellip;]<\/p>\n","protected":false},"author":1,"featured_media":0,"parent":0,"menu_order":0,"comment_status":"closed","ping_status":"closed","template":"","meta":{"site-sidebar-layout":"default","site-content-layout":"","ast-site-content-layout":"default","site-content-style":"default","site-sidebar-style":"default","ast-global-header-display":"","ast-banner-title-visibility":"","ast-main-header-display":"","ast-hfb-above-header-display":"","ast-hfb-below-header-display":"","ast-hfb-mobile-header-display":"","site-post-title":"","ast-breadcrumbs-content":"","ast-featured-img":"","footer-sml-layout":"","ast-disable-related-posts":"","theme-transparent-header-meta":"","adv-header-id-meta":"","stick-header-meta":"","header-above-stick-meta":"","header-main-stick-meta":"","header-below-stick-meta":"","astra-migrate-meta-layouts":"default","ast-page-background-enabled":"default","ast-page-background-meta":{"desktop":{"background-color":"","background-image":"","background-repeat":"repeat","background-position":"center center","background-size":"auto","background-attachment":"scroll","background-type":"","background-media":"","overlay-type":"","overlay-color":"","overlay-opacity":"","overlay-gradient":""},"tablet":{"background-color":"","background-image":"","background-repeat":"repeat","background-position":"center center","background-size":"auto","background-attachment":"scroll","background-type":"","background-media":"","overlay-type":"","overlay-color":"","overlay-opacity":"","overlay-gradient":""},"mobile":{"background-color":"","background-image":"","background-repeat":"repeat","background-position":"center center","background-size":"auto","background-attachment":"scroll","background-type":"","background-media":"","overlay-type":"","overlay-color":"","overlay-opacity":"","overlay-gradient":""}},"ast-content-background-meta":{"desktop":{"background-color":"var(--ast-global-color-5)","background-image":"","background-repeat":"repeat","background-position":"center center","background-size":"auto","background-attachment":"scroll","background-type":"","background-media":"","overlay-type":"","overlay-color":"","overlay-opacity":"","overlay-gradient":""},"tablet":{"background-color":"var(--ast-global-color-5)","background-image":"","background-repeat":"repeat","background-position":"center center","background-size":"auto","background-attachment":"scroll","background-type":"","background-media":"","overlay-type":"","overlay-color":"","overlay-opacity":"","overlay-gradient":""},"mobile":{"background-color":"var(--ast-global-color-5)","background-image":"","background-repeat":"repeat","background-position":"center center","background-size":"auto","background-attachment":"scroll","background-type":"","background-media":"","overlay-type":"","overlay-color":"","overlay-opacity":"","overlay-gradient":""}},"footnotes":""},"class_list":["post-5671","page","type-page","status-publish","hentry"],"_links":{"self":[{"href":"https:\/\/insmoothwaters.com\/de\/wp-json\/wp\/v2\/pages\/5671","targetHints":{"allow":["GET"]}}],"collection":[{"href":"https:\/\/insmoothwaters.com\/de\/wp-json\/wp\/v2\/pages"}],"about":[{"href":"https:\/\/insmoothwaters.com\/de\/wp-json\/wp\/v2\/types\/page"}],"author":[{"embeddable":true,"href":"https:\/\/insmoothwaters.com\/de\/wp-json\/wp\/v2\/users\/1"}],"replies":[{"embeddable":true,"href":"https:\/\/insmoothwaters.com\/de\/wp-json\/wp\/v2\/comments?post=5671"}],"version-history":[{"count":0,"href":"https:\/\/insmoothwaters.com\/de\/wp-json\/wp\/v2\/pages\/5671\/revisions"}],"wp:attachment":[{"href":"https:\/\/insmoothwaters.com\/de\/wp-json\/wp\/v2\/media?parent=5671"}],"curies":[{"name":"wp","href":"https:\/\/api.w.org\/{rel}","templated":true}]}}