{"id":5671,"date":"2023-04-16T13:22:40","date_gmt":"2023-04-16T13:22:40","guid":{"rendered":"https:\/\/insmoothwaters.com\/?page_id=5671"},"modified":"2023-04-16T13:46:37","modified_gmt":"2023-04-16T13:46:37","slug":"affiliate-disclaimer","status":"publish","type":"page","link":"https:\/\/insmoothwaters.com\/fr\/clause-de-non-responsabilite-des-affilies\/","title":{"rendered":"Clause de non-responsabilit\u00e9 des affili\u00e9s"},"content":{"rendered":"<p>Voir \u00e9galement le&nbsp;<a href=\"https:\/\/insmoothwaters.com\/fr\/politique-de-confidentialite\/\" data-type=\"page\" data-id=\"3\">Politique de confidentialit\u00e9&nbsp;<\/a>qui r\u00e9git l'utilisation de ce site web. La pr\u00e9sente d\u00e9claration d'affiliation d\u00e9taille les relations d'affiliation qui <a href=\"http:\/\/Insmoothwaters.com\" target=\"_blank\" rel=\"noopener\">InSmoothWaters.com <\/a>avec d'autres entreprises et produits.<\/p>\n\n\n\n<h2 class=\"wp-block-heading\">Divulgation de l'affiliation<\/h2>\n\n\n\n<p>Conform\u00e9ment aux lignes directrices de la FTC, nous vous prions de tenir compte de ce qui suit pour tous les liens, messages, photos et autres documents figurant sur ce site web :<\/p>\n\n\n\n<p><strong>Certains des liens figurant sur ce site web sont des liens d'affiliation dont <a href=\"https:\/\/insmoothwaters.com\/fr\/\">En eaux douces<\/a>.com re\u00e7oit une petite commission sur les ventes de certains articles, mais le prix est le m\u00eame pour vous.<\/strong><\/p>\n\n\n\n<h3 class=\"wp-block-heading\">1. Amazon<\/h3>\n\n\n\n<p>Sascha Hunt\/InSmoothWaters.com participe au programme d'affiliation Amazon Services LLC Associates Program, un programme de publicit\u00e9 affili\u00e9 con\u00e7u pour nous permettre de gagner des commissions en \u00e9tablissant des liens vers Amazon.com et des sites affili\u00e9s. Les pages de ce site peuvent contenir des liens d'affiliation vers Amazon et ses sites affili\u00e9s sur lesquels le propri\u00e9taire de ce site Web percevra une commission de r\u00e9f\u00e9rence. Chacun de vos achats via nos liens d'affiliation Amazon soutient notre cause \u00e0\u00a0<strong>sans co\u00fbt suppl\u00e9mentaire pour vous<\/strong>. \u00a0<\/p>\n\n\n\n<p>Amazon et le logo Amazon sont des marques commerciales de Amazon.com, Inc. ou de ses filiales.<br>\u200b<br>Si un blogueur \u00e9tablit un lien vers un produit Amazon (avec un code sp\u00e9cial pour les affili\u00e9s int\u00e9gr\u00e9 dans le lien) et qu'un lecteur place un article dans son \"panier\" par le biais de ce lien dans les 24 heures suivant le clic sur le lien, le blogueur per\u00e7oit un petit pourcentage de la vente.  Les liens Amazon ne sont pas \"payants\".  Si vous cliquez sur le lien du produit, que vous restez sur Amazon et que vous achetez quelque chose d'autre, je recevrai une commission sur cette vente. &nbsp;<\/p>\n\n\n\n<p>Chaque fois que vous voyez un lien qui ressemble \u00e0 www.amazon.com\/&amp;tag=XXX, il s'agit d'un lien d'affiliation Amazon. InSmothWaters.Com utilise la balise<em> insmoothwaterscom-20. <\/em><\/p>\n\n\n\n<h3 class=\"wp-block-heading\">2. R\u00e9servation<\/h3>\n\n\n\n<figure class=\"wp-block-image size-full\"><img loading=\"lazy\" decoding=\"async\" width=\"970\" height=\"68\" src=\"https:\/\/insmoothwaters.com\/wp-content\/uploads\/2023\/04\/Amazon-Affilliate-Link.png\" alt=\"Amazon Affilliate Link\" class=\"wp-image-5676\" title=\"\" srcset=\"https:\/\/insmoothwaters.com\/wp-content\/uploads\/2023\/04\/Amazon-Affilliate-Link.png 970w, https:\/\/insmoothwaters.com\/wp-content\/uploads\/2023\/04\/Amazon-Affilliate-Link-300x21.png 300w, https:\/\/insmoothwaters.com\/wp-content\/uploads\/2023\/04\/Amazon-Affilliate-Link-768x54.png 768w, https:\/\/insmoothwaters.com\/wp-content\/uploads\/2023\/04\/Amazon-Affilliate-Link-18x1.png 18w\" sizes=\"auto, (max-width: 970px) 100vw, 970px\" \/><figcaption class=\"wp-element-caption\">Amazon Affilliate Link<\/figcaption><\/figure>\n\n\n\n<p>Sascha Hunt\/InSmoothWaters.com participe au programme d'affiliation Booking.com, un programme de publicit\u00e9 affili\u00e9 con\u00e7u pour nous permettre de gagner des commissions en \u00e9tablissant des liens avec Booking.com et des sites affili\u00e9s. Les pages de ce site peuvent contenir des liens d'affiliation vers Booking et ses sites affili\u00e9s sur lesquels le propri\u00e9taire de ce site web percevra une commission.<\/p>\n\n\n\n<h3 class=\"wp-block-heading\">Qu'est-ce qu'un lien d'affiliation ?<\/h3>\n\n\n\n<p>De nombreux liens de produits sur InSmoothWaters.com sont des liens affili\u00e9s. Cela signifie qu'un code de suivi sp\u00e9cial est utilis\u00e9 et que le site Web peut percevoir une petite commission si vous effectuez un achat par l'interm\u00e9diaire de l'un de ces liens.<\/p>\n\n\n\n<h3 class=\"wp-block-heading\">Droits d'auteur et droits r\u00e9serv\u00e9s<\/h3>\n\n\n\n<p>Toutes les informations contenues dans ce site Web, y compris les images, le texte, l'audio, la vid\u00e9o et d'autres formes de contenu, sont prot\u00e9g\u00e9es par le droit d'auteur \u00a9 InSmoothWaters.com. Elles ne peuvent \u00eatre t\u00e9l\u00e9charg\u00e9es, reproduites, republi\u00e9es ou copi\u00e9es de quelque mani\u00e8re que ce soit sans l'autorisation \u00e9crite expresse de l'auteur et de HelloGlow.co.<\/p>","protected":false},"excerpt":{"rendered":"<p>Please see also the&nbsp;Privacy Policy&nbsp;which governs the use of this website. This affiliate disclosure details affiliate relationships that InSmoothWaters.com has with other companies and products. Affiliate Disclosure In compliance with the FTC guidelines, please assume the following about all links, posts, photos, and other material on this website: Some of the links on this website [&hellip;]<\/p>\n","protected":false},"author":1,"featured_media":0,"parent":0,"menu_order":0,"comment_status":"closed","ping_status":"closed","template":"","meta":{"site-sidebar-layout":"default","site-content-layout":"","ast-site-content-layout":"default","site-content-style":"default","site-sidebar-style":"default","ast-global-header-display":"","ast-banner-title-visibility":"","ast-main-header-display":"","ast-hfb-above-header-display":"","ast-hfb-below-header-display":"","ast-hfb-mobile-header-display":"","site-post-title":"","ast-breadcrumbs-content":"","ast-featured-img":"","footer-sml-layout":"","ast-disable-related-posts":"","theme-transparent-header-meta":"","adv-header-id-meta":"","stick-header-meta":"","header-above-stick-meta":"","header-main-stick-meta":"","header-below-stick-meta":"","astra-migrate-meta-layouts":"default","ast-page-background-enabled":"default","ast-page-background-meta":{"desktop":{"background-color":"","background-image":"","background-repeat":"repeat","background-position":"center center","background-size":"auto","background-attachment":"scroll","background-type":"","background-media":"","overlay-type":"","overlay-color":"","overlay-opacity":"","overlay-gradient":""},"tablet":{"background-color":"","background-image":"","background-repeat":"repeat","background-position":"center center","background-size":"auto","background-attachment":"scroll","background-type":"","background-media":"","overlay-type":"","overlay-color":"","overlay-opacity":"","overlay-gradient":""},"mobile":{"background-color":"","background-image":"","background-repeat":"repeat","background-position":"center center","background-size":"auto","background-attachment":"scroll","background-type":"","background-media":"","overlay-type":"","overlay-color":"","overlay-opacity":"","overlay-gradient":""}},"ast-content-background-meta":{"desktop":{"background-color":"var(--ast-global-color-5)","background-image":"","background-repeat":"repeat","background-position":"center center","background-size":"auto","background-attachment":"scroll","background-type":"","background-media":"","overlay-type":"","overlay-color":"","overlay-opacity":"","overlay-gradient":""},"tablet":{"background-color":"var(--ast-global-color-5)","background-image":"","background-repeat":"repeat","background-position":"center center","background-size":"auto","background-attachment":"scroll","background-type":"","background-media":"","overlay-type":"","overlay-color":"","overlay-opacity":"","overlay-gradient":""},"mobile":{"background-color":"var(--ast-global-color-5)","background-image":"","background-repeat":"repeat","background-position":"center center","background-size":"auto","background-attachment":"scroll","background-type":"","background-media":"","overlay-type":"","overlay-color":"","overlay-opacity":"","overlay-gradient":""}},"footnotes":""},"class_list":["post-5671","page","type-page","status-publish","hentry"],"_links":{"self":[{"href":"https:\/\/insmoothwaters.com\/fr\/wp-json\/wp\/v2\/pages\/5671","targetHints":{"allow":["GET"]}}],"collection":[{"href":"https:\/\/insmoothwaters.com\/fr\/wp-json\/wp\/v2\/pages"}],"about":[{"href":"https:\/\/insmoothwaters.com\/fr\/wp-json\/wp\/v2\/types\/page"}],"author":[{"embeddable":true,"href":"https:\/\/insmoothwaters.com\/fr\/wp-json\/wp\/v2\/users\/1"}],"replies":[{"embeddable":true,"href":"https:\/\/insmoothwaters.com\/fr\/wp-json\/wp\/v2\/comments?post=5671"}],"version-history":[{"count":0,"href":"https:\/\/insmoothwaters.com\/fr\/wp-json\/wp\/v2\/pages\/5671\/revisions"}],"wp:attachment":[{"href":"https:\/\/insmoothwaters.com\/fr\/wp-json\/wp\/v2\/media?parent=5671"}],"curies":[{"name":"wp","href":"https:\/\/api.w.org\/{rel}","templated":true}]}}